{"id":581,"date":"2020-02-06T08:53:06","date_gmt":"2020-02-06T08:53:06","guid":{"rendered":"https:\/\/demo2wpopal.b-cdn.net\/ekommart\/?page_id=581"},"modified":"2026-04-27T16:08:02","modified_gmt":"2026-04-27T14:08:02","slug":"blog","status":"publish","type":"page","link":"https:\/\/ariete.mk\/staging\/1167\/blog\/","title":{"rendered":"\u0411\u043b\u043e\u0433"},"content":{"rendered":"\t\t<div data-elementor-type=\"wp-page\" data-elementor-id=\"581\" class=\"elementor elementor-581\" data-elementor-post-type=\"page\">\n\t\t\t\t<div class=\"wd-negative-gap elementor-element elementor-element-b4797d3 e-flex e-con-boxed e-con e-parent\" data-id=\"b4797d3\" data-element_type=\"container\" data-e-type=\"container\">\n\t\t\t\t\t<div class=\"e-con-inner\">\n\t\t\t\t<div class=\"elementor-element elementor-element-7acc6a8 wd-width-100 elementor-widget elementor-widget-wd_title\" data-id=\"7acc6a8\" data-element_type=\"widget\" data-e-type=\"widget\" data-widget_type=\"wd_title.default\">\n\t\t\t\t<div class=\"elementor-widget-container\">\n\t\t\t\t\t\t\t<div class=\"title-wrapper wd-set-mb reset-last-child wd-title-color-default wd-title-style-default wd-title-size-default text-center\">\n\n\t\t\t\n\t\t\t<div class=\"liner-continer\">\n\t\t\t\t<h4 class=\"woodmart-title-container title wd-fontsize-l\">\u0411\u043b\u043e\u0433<\/h4> \n\t\t\t\t\t\t\t<\/div>\n\n\t\t\t\t\t<\/div>\n\t\t\t\t\t\t<\/div>\n\t\t\t\t<\/div>\n\t\t\t\t\t<\/div>\n\t\t\t\t<\/div>\n\t\t<div class=\"elementor-element elementor-element-11d1d25 e-flex e-con-boxed e-con e-parent\" data-id=\"11d1d25\" data-element_type=\"container\" data-e-type=\"container\">\n\t\t\t\t\t<div class=\"e-con-inner\">\n\t\t\t\t<div class=\"elementor-element elementor-element-9365ee5 elementor-grid-3 elementor-grid-tablet-2 elementor-grid-mobile-1 elementor-posts--thumbnail-top elementor-card-shadow-yes elementor-posts__hover-gradient elementor-widget elementor-widget-posts\" data-id=\"9365ee5\" data-element_type=\"widget\" data-e-type=\"widget\" data-settings=\"{&quot;cards_columns&quot;:&quot;3&quot;,&quot;cards_columns_tablet&quot;:&quot;2&quot;,&quot;cards_columns_mobile&quot;:&quot;1&quot;,&quot;cards_row_gap&quot;:{&quot;unit&quot;:&quot;px&quot;,&quot;size&quot;:35,&quot;sizes&quot;:[]},&quot;cards_row_gap_tablet&quot;:{&quot;unit&quot;:&quot;px&quot;,&quot;size&quot;:&quot;&quot;,&quot;sizes&quot;:[]},&quot;cards_row_gap_mobile&quot;:{&quot;unit&quot;:&quot;px&quot;,&quot;size&quot;:&quot;&quot;,&quot;sizes&quot;:[]}}\" data-widget_type=\"posts.cards\">\n\t\t\t\t<div class=\"elementor-widget-container\">\n\t\t\t\t\t\t\t<div class=\"elementor-posts-container elementor-posts elementor-posts--skin-cards elementor-grid\" role=\"list\">\n\t\t\t\t<article class=\"elementor-post elementor-grid-item post-4046 post type-post status-publish format-standard has-post-thumbnail hentry category-blog\" role=\"listitem\">\n\t\t\t<div class=\"elementor-post__card\">\n\t\t\t\t<a class=\"elementor-post__thumbnail__link\" href=\"https:\/\/ariete.mk\/staging\/1167\/dobro-poznato-slatko-zadovoljstvo-palacinke-%f0%9f%a5%9e\/\" tabindex=\"-1\" ><div class=\"elementor-post__thumbnail\"><img loading=\"lazy\" decoding=\"async\" width=\"300\" height=\"95\" src=\"https:\/\/ariete.mk\/staging\/1167\/wp-content\/uploads\/palacinke-300x95.jpg\" class=\"attachment-medium size-medium wp-image-7899\" alt=\"Ariete Party Time aparat za pala\u010dinke\" srcset=\"https:\/\/ariete.mk\/staging\/1167\/wp-content\/uploads\/palacinke-300x95.jpg 300w, https:\/\/ariete.mk\/staging\/1167\/wp-content\/uploads\/palacinke-768x243.jpg 768w, https:\/\/ariete.mk\/staging\/1167\/wp-content\/uploads\/palacinke-600x190.jpg 600w, https:\/\/ariete.mk\/staging\/1167\/wp-content\/uploads\/palacinke.jpg 1000w\" sizes=\"auto, (max-width: 300px) 100vw, 300px\" \/><\/div><\/a>\n\t\t\t\t<div class=\"elementor-post__text\">\n\t\t\t\t<h3 class=\"elementor-post__title\">\n\t\t\t<a href=\"https:\/\/ariete.mk\/staging\/1167\/dobro-poznato-slatko-zadovoljstvo-palacinke-%f0%9f%a5%9e\/\" >\n\t\t\t\t\u0414\u043e\u0431\u0440\u043e \u043f\u043e\u0437\u043d\u0430\u0442\u043e\u0442\u043e \u0441\u043b\u0430\u0442\u043a\u043e \u0437\u0430\u0434\u043e\u0432\u043e\u043b\u0441\u0442\u0432\u043e\u2026 \u043f\u0430\u043b\u0430\u0447\u0438\u043d\u043a\u0438 ?\u00a0 ?\t\t\t<\/a>\n\t\t<\/h3>\n\t\t\t\t<div class=\"elementor-post__excerpt\">\n\t\t\t<p>\u041f\u0430\u043b\u0430\u0447\u0438\u043d\u043a\u0438\u0442\u0435 \u0441\u0435 \u043e\u043c\u0438\u043b\u0435\u043d\u043e\u0442\u043e \u0431\u043b\u0430\u0433\u043e \u043e\u0434 \u0434\u0435\u0442\u0441\u0442\u0432\u043e\u0442\u043e! \u0417\u0430\u0432\u0438\u0442\u043a\u0430\u043d\u0438, \u043f\u0440\u0435\u0441\u0432\u0438\u0442\u043a\u0430\u043d\u0438 \u0438\u043b\u0438 \u0441\u043b\u043e\u0435\u0432\u0438\u0442\u0438 \u0441\u0435 \u043f\u043e\u0434\u0435\u0434\u043d\u0430\u043a\u0432\u043e \u0432\u043a\u0443\u0441\u043d\u0438! \u041f\u0430\u043b\u0430\u0447\u0438\u043d\u043a\u0438\u0442\u0435 \u0441\u043e \u0432\u0435\u043a\u043e\u0432\u0438 \u0441\u0435 \u043e\u043c\u0438\u043b\u0435\u043d \u043e\u0431\u0440\u043e\u043a \u0432\u043e<\/p>\n\t\t<\/div>\n\t\t\t\t<\/div>\n\t\t\t\t<div class=\"elementor-post__meta-data\">\n\t\t\t\t\t<span class=\"elementor-post-date\">\n\t\t\t11. \u0430\u043f\u0440\u0438\u043b 2024.\t\t<\/span>\n\t\t\t\t<\/div>\n\t\t\t\t\t<\/div>\n\t\t<\/article>\n\t\t\t\t<article class=\"elementor-post elementor-grid-item post-8726 post type-post status-publish format-standard has-post-thumbnail hentry category-blog\" role=\"listitem\">\n\t\t\t<div class=\"elementor-post__card\">\n\t\t\t\t<a class=\"elementor-post__thumbnail__link\" href=\"https:\/\/ariete.mk\/staging\/1167\/ariete-multi-cooker-najbolje-za-isprobati\/\" tabindex=\"-1\" ><div class=\"elementor-post__thumbnail\"><img loading=\"lazy\" decoding=\"async\" width=\"300\" height=\"95\" src=\"https:\/\/ariete.mk\/staging\/1167\/wp-content\/uploads\/ariete-multi-cooker-300x95.jpg\" class=\"attachment-medium size-medium wp-image-8728\" alt=\"Ariete vintage Multi-Cooker (2904)\" srcset=\"https:\/\/ariete.mk\/staging\/1167\/wp-content\/uploads\/ariete-multi-cooker-300x95.jpg 300w, https:\/\/ariete.mk\/staging\/1167\/wp-content\/uploads\/ariete-multi-cooker-768x243.jpg 768w, https:\/\/ariete.mk\/staging\/1167\/wp-content\/uploads\/ariete-multi-cooker-600x190.jpg 600w, https:\/\/ariete.mk\/staging\/1167\/wp-content\/uploads\/ariete-multi-cooker.jpg 1000w\" sizes=\"auto, (max-width: 300px) 100vw, 300px\" \/><\/div><\/a>\n\t\t\t\t<div class=\"elementor-post__text\">\n\t\t\t\t<h3 class=\"elementor-post__title\">\n\t\t\t<a href=\"https:\/\/ariete.mk\/staging\/1167\/ariete-multi-cooker-najbolje-za-isprobati\/\" >\n\t\t\t\tAriete Multi-Cooker, \u043d\u0430\u0458\u0434\u043e\u0431\u0440\u043e\u0442\u043e \u0437\u0430 \u043f\u0440\u043e\u0431\u0443\u0432\u0430\u045a\u0435\t\t\t<\/a>\n\t\t<\/h3>\n\t\t\t\t<div class=\"elementor-post__excerpt\">\n\t\t\t<p>\u0417\u0430\u0444\u0430\u0442\u0435\u043d\u0438\u043e\u0442 \u043c\u043e\u0434\u0435\u0440\u0435\u043d \u0436\u0438\u0432\u043e\u0442 \u0433\u0438 \u043f\u0440\u043e\u043c\u0435\u043d\u0438 \u043d\u0430\u0448\u0438\u0442\u0435 \u043d\u0430\u0432\u0438\u043a\u0438. \u0418\u0441\u0442\u043e\u0442\u043e \u0441\u0435 \u0441\u043b\u0443\u0447\u0443\u0432\u0430 \u0438 \u0432\u043e \u043a\u0443\u0458\u043d\u0430\u0442\u0430, \u043f\u043e\u0442\u0440\u0435\u0431\u0438\u0442\u0435 \u0441\u043e \u0442\u0435\u043a\u043e\u0442 \u043d\u0430 \u0432\u0440\u0435\u043c\u0435\u0442\u043e \u0441\u0435 \u043c\u0435\u043d\u0443\u0432\u0430\u0430\u0442,<\/p>\n\t\t<\/div>\n\t\t\t\t<\/div>\n\t\t\t\t<div class=\"elementor-post__meta-data\">\n\t\t\t\t\t<span class=\"elementor-post-date\">\n\t\t\t10. \u043c\u0430\u0440\u0442 2024.\t\t<\/span>\n\t\t\t\t<\/div>\n\t\t\t\t\t<\/div>\n\t\t<\/article>\n\t\t\t\t<article class=\"elementor-post elementor-grid-item post-8888 post type-post status-publish format-standard has-post-thumbnail hentry category-blog\" role=\"listitem\">\n\t\t\t<div class=\"elementor-post__card\">\n\t\t\t\t<a class=\"elementor-post__thumbnail__link\" href=\"https:\/\/ariete.mk\/staging\/1167\/kremasti-liker-od-kafe-koji-cete-obozavati\/\" tabindex=\"-1\" ><div class=\"elementor-post__thumbnail\"><img loading=\"lazy\" decoding=\"async\" width=\"300\" height=\"95\" src=\"https:\/\/ariete.mk\/staging\/1167\/wp-content\/uploads\/kremasti-liker-od-kafe1-300x95.jpg\" class=\"attachment-medium size-medium wp-image-8896\" alt=\"Liker od kafe\" srcset=\"https:\/\/ariete.mk\/staging\/1167\/wp-content\/uploads\/kremasti-liker-od-kafe1-300x95.jpg 300w, https:\/\/ariete.mk\/staging\/1167\/wp-content\/uploads\/kremasti-liker-od-kafe1-768x243.jpg 768w, https:\/\/ariete.mk\/staging\/1167\/wp-content\/uploads\/kremasti-liker-od-kafe1-600x190.jpg 600w, https:\/\/ariete.mk\/staging\/1167\/wp-content\/uploads\/kremasti-liker-od-kafe1.jpg 1000w\" sizes=\"auto, (max-width: 300px) 100vw, 300px\" \/><\/div><\/a>\n\t\t\t\t<div class=\"elementor-post__text\">\n\t\t\t\t<h3 class=\"elementor-post__title\">\n\t\t\t<a href=\"https:\/\/ariete.mk\/staging\/1167\/kremasti-liker-od-kafe-koji-cete-obozavati\/\" >\n\t\t\t\t\u041a\u0440\u0435\u043c\u0430\u0441\u0442 \u043b\u0438\u043a\u0435\u0440 \u043e\u0434 \u043a\u0430\u0444\u0435 \u0448\u0442\u043e \u045c\u0435 \u0432\u0438 \u0441\u0435 \u0434\u043e\u043f\u0430\u0434\u043d\u0435\u00a0\t\t\t<\/a>\n\t\t<\/h3>\n\t\t\t\t<div class=\"elementor-post__excerpt\">\n\t\t\t<p>Istinski ljubitelji kafe vole piti gusti i kremasti liker od kafe koji se poslu\u017euje dobro rashla\u0111en u posebnim prilikama. Donosimo Vam odli\u010dan recept&#8230; <\/p>\n\t\t<\/div>\n\t\t\t\t<\/div>\n\t\t\t\t<div class=\"elementor-post__meta-data\">\n\t\t\t\t\t<span class=\"elementor-post-date\">\n\t\t\t9. \u0444\u0435\u0432\u0440\u0443\u0430\u0440\u0438 2024.\t\t<\/span>\n\t\t\t\t<\/div>\n\t\t\t\t\t<\/div>\n\t\t<\/article>\n\t\t\t\t<\/div>\n\t\t\n\t\t\t\t\t\t<\/div>\n\t\t\t\t<\/div>\n\t\t\t\t\t<\/div>\n\t\t\t\t<\/div>\n\t\t\t\t<\/div>\n\t\t","protected":false},"excerpt":{"rendered":"<p>\u0411\u043b\u043e\u0433<\/p>\n","protected":false},"author":138,"featured_media":0,"parent":0,"menu_order":0,"comment_status":"closed","ping_status":"closed","template":"","meta":{"nf_dc_page":"","footnotes":""},"class_list":["post-581","page","type-page","status-publish","hentry"],"_links":{"self":[{"href":"https:\/\/ariete.mk\/staging\/1167\/wp-json\/wp\/v2\/pages\/581","targetHints":{"allow":["GET"]}}],"collection":[{"href":"https:\/\/ariete.mk\/staging\/1167\/wp-json\/wp\/v2\/pages"}],"about":[{"href":"https:\/\/ariete.mk\/staging\/1167\/wp-json\/wp\/v2\/types\/page"}],"author":[{"embeddable":true,"href":"https:\/\/ariete.mk\/staging\/1167\/wp-json\/wp\/v2\/users\/138"}],"replies":[{"embeddable":true,"href":"https:\/\/ariete.mk\/staging\/1167\/wp-json\/wp\/v2\/comments?post=581"}],"version-history":[{"count":16,"href":"https:\/\/ariete.mk\/staging\/1167\/wp-json\/wp\/v2\/pages\/581\/revisions"}],"predecessor-version":[{"id":11857,"href":"https:\/\/ariete.mk\/staging\/1167\/wp-json\/wp\/v2\/pages\/581\/revisions\/11857"}],"wp:attachment":[{"href":"https:\/\/ariete.mk\/staging\/1167\/wp-json\/wp\/v2\/media?parent=581"}],"curies":[{"name":"wp","href":"https:\/\/api.w.org\/{rel}","templated":true}]}}